{"id":40,"date":"2022-08-10T18:51:49","date_gmt":"2022-08-10T18:51:49","guid":{"rendered":"https:\/\/new.feuerwehr-hettensen.de\/?page_id=40"},"modified":"2024-01-23T10:10:10","modified_gmt":"2024-01-23T09:10:10","slug":"jugendfeuerwehr","status":"publish","type":"page","link":"https:\/\/feuerwehr-hettensen.de\/index.php\/jugendfeuerwehr\/","title":{"rendered":"JUGENDFEUERWEHR"},"content":{"rendered":"\n<p>In der Jugendfeuerwehr k\u00f6nnen Jugendliche im <strong>Alter von 10 bis 18 Jahren<\/strong> die Arbeit in der Feuerwehr kennenlernen und unter Anleitung praktisch anwenden. Seit der Gr\u00fcndung der Jugendfeuerwehr Hettensen im Jahr 2009 kooperieren die Freiwilligen Feuerwehren Asche und Hettensen im Bereich der Jugendarbeit miteinander. Die <strong>Jugendfeuerwehr Asche-Hettensen<\/strong> trifft sich <strong>jeden Mittwoch von 17:30 bis 19:00 Uhr<\/strong> abwechselnd in Asche und in Hettensen an den Feuerwehrger\u00e4teh\u00e4usern. Neben feuerwehrtechnischen Diensten kommt auch der Spa\u00df durch Aktivit\u00e4ten wie Spieleabende, \u00dcbernachtungen, dem j\u00e4hrlichen Zeltlager und vielen weiteren sch\u00f6nen Ausfl\u00fcgen nicht zu kurz. W\u00e4hrend der Schulferien finden keine Dienste statt.<\/p>\n\n\n\n<p>Du hast auch Lust mitzumachen? Dann schau doch einfach mal vorbei!<\/p>\n\n\n\n<p><a href=\"https:\/\/feuerwehr-hettensen.de\/wp-content\/uploads\/2024\/01\/FFH-Aufnahmeantrag-NEU_20240109.pdf\" target=\"_blank\" rel=\"noreferrer noopener\">Die Eintrittserkl\u00e4rung findest du hier<\/a>.<\/p>\n\n\n\n<p>Ansprechpartner: Jugendwart Jonas Harenkamp<\/p>\n","protected":false},"excerpt":{"rendered":"<p>In der Jugendfeuerwehr k\u00f6nnen Jugendliche im Alter von 10 bis 18 Jahren die Arbeit in der Feuerwehr kennenlernen und unter Anleitung praktisch anwenden. Seit der Gr\u00fcndung der Jugendfeuerwehr Hettensen im Jahr 2009 kooperieren die Freiwilligen Feuerwehren Asche und Hettensen im&hellip; <a href=\"https:\/\/feuerwehr-hettensen.de\/index.php\/jugendfeuerwehr\/\" class=\"more-link\">Continue Reading <span class=\"meta-nav\">&rarr;<\/span><\/a><\/p>\n","protected":false},"author":1,"featured_media":0,"parent":0,"menu_order":0,"comment_status":"closed","ping_status":"closed","template":"","meta":{"footnotes":""},"class_list":["post-40","page","type-page","status-publish","hentry"],"_links":{"self":[{"href":"https:\/\/feuerwehr-hettensen.de\/index.php\/wp-json\/wp\/v2\/pages\/40","targetHints":{"allow":["GET"]}}],"collection":[{"href":"https:\/\/feuerwehr-hettensen.de\/index.php\/wp-json\/wp\/v2\/pages"}],"about":[{"href":"https:\/\/feuerwehr-hettensen.de\/index.php\/wp-json\/wp\/v2\/types\/page"}],"author":[{"embeddable":true,"href":"https:\/\/feuerwehr-hettensen.de\/index.php\/wp-json\/wp\/v2\/users\/1"}],"replies":[{"embeddable":true,"href":"https:\/\/feuerwehr-hettensen.de\/index.php\/wp-json\/wp\/v2\/comments?post=40"}],"version-history":[{"count":11,"href":"https:\/\/feuerwehr-hettensen.de\/index.php\/wp-json\/wp\/v2\/pages\/40\/revisions"}],"predecessor-version":[{"id":625,"href":"https:\/\/feuerwehr-hettensen.de\/index.php\/wp-json\/wp\/v2\/pages\/40\/revisions\/625"}],"wp:attachment":[{"href":"https:\/\/feuerwehr-hettensen.de\/index.php\/wp-json\/wp\/v2\/media?parent=40"}],"curies":[{"name":"wp","href":"https:\/\/api.w.org\/{rel}","templated":true}]}}