{"id":42,"date":"2022-08-10T18:51:49","date_gmt":"2022-08-10T18:51:49","guid":{"rendered":"https:\/\/new.feuerwehr-hettensen.de\/?page_id=42"},"modified":"2024-01-23T10:10:27","modified_gmt":"2024-01-23T09:10:27","slug":"foerderverein","status":"publish","type":"page","link":"https:\/\/feuerwehr-hettensen.de\/index.php\/foerderverein\/","title":{"rendered":"F\u00d6RDERVEREIN"},"content":{"rendered":"\n<p>Der <strong>F\u00f6rderverein der Freiwilligen Feuerwehr Hettensen e.V.<\/strong> wurde am 21. Januar 2023 gegr\u00fcndet, um die Feuerwehr Hettensen finanziell zu unterst\u00fctzen.<\/p>\n\n\n\n<p>Du m\u00f6chtest (aktives oder f\u00f6rderndes) Mitglied der Freiwilligen Feuerwehr Hettensen werden? <a href=\"https:\/\/feuerwehr-hettensen.de\/wp-content\/uploads\/2024\/01\/FFH-Aufnahmeantrag-NEU_20240109.pdf\" target=\"_blank\" rel=\"noreferrer noopener\">Hier findest du die Eintrittserkl\u00e4rung<\/a>.<\/p>\n","protected":false},"excerpt":{"rendered":"<p>Der F\u00f6rderverein der Freiwilligen Feuerwehr Hettensen e.V. wurde am 21. Januar 2023 gegr\u00fcndet, um die Feuerwehr Hettensen finanziell zu unterst\u00fctzen. Du m\u00f6chtest (aktives oder f\u00f6rderndes) Mitglied der Freiwilligen Feuerwehr Hettensen werden? Hier findest du die Eintrittserkl\u00e4rung.<\/p>\n","protected":false},"author":1,"featured_media":0,"parent":0,"menu_order":0,"comment_status":"closed","ping_status":"closed","template":"","meta":{"footnotes":""},"class_list":["post-42","page","type-page","status-publish","hentry"],"_links":{"self":[{"href":"https:\/\/feuerwehr-hettensen.de\/index.php\/wp-json\/wp\/v2\/pages\/42","targetHints":{"allow":["GET"]}}],"collection":[{"href":"https:\/\/feuerwehr-hettensen.de\/index.php\/wp-json\/wp\/v2\/pages"}],"about":[{"href":"https:\/\/feuerwehr-hettensen.de\/index.php\/wp-json\/wp\/v2\/types\/page"}],"author":[{"embeddable":true,"href":"https:\/\/feuerwehr-hettensen.de\/index.php\/wp-json\/wp\/v2\/users\/1"}],"replies":[{"embeddable":true,"href":"https:\/\/feuerwehr-hettensen.de\/index.php\/wp-json\/wp\/v2\/comments?post=42"}],"version-history":[{"count":11,"href":"https:\/\/feuerwehr-hettensen.de\/index.php\/wp-json\/wp\/v2\/pages\/42\/revisions"}],"predecessor-version":[{"id":626,"href":"https:\/\/feuerwehr-hettensen.de\/index.php\/wp-json\/wp\/v2\/pages\/42\/revisions\/626"}],"wp:attachment":[{"href":"https:\/\/feuerwehr-hettensen.de\/index.php\/wp-json\/wp\/v2\/media?parent=42"}],"curies":[{"name":"wp","href":"https:\/\/api.w.org\/{rel}","templated":true}]}}