{"id":9,"date":"2022-08-10T18:13:53","date_gmt":"2022-08-10T18:13:53","guid":{"rendered":"https:\/\/new.feuerwehr-hettensen.de\/?page_id=9"},"modified":"2022-11-01T14:54:39","modified_gmt":"2022-11-01T14:54:39","slug":"blog","status":"publish","type":"page","link":"https:\/\/feuerwehr-hettensen.de\/","title":{"rendered":"AKTUELLES"},"content":{"rendered":"\n<p><\/p>\n\n\n<style>.wp-show-posts-columns#wpsp-130 {margin-left: -3em; }.wp-show-posts-columns#wpsp-130 .wp-show-posts-inner {margin: 0 0 3em 3em; }<\/style><section id=\"wpsp-130\" class=\" wp-show-posts\" style=\"\"><article class=\" wp-show-posts-single wpsp-clearfix post-768 post type-post status-publish format-standard hentry category-versammlungen\" itemtype=\"http:\/\/schema.org\/CreativeWork\" itemscope><div class=\"wp-show-posts-inner\" style=\"\">\t\t\t\t\t\t<header class=\"wp-show-posts-entry-header\">\n\t\t\t\t\t\t\t<h2 class=\"wp-show-posts-entry-title\" itemprop=\"headline\"><a href=\"https:\/\/feuerwehr-hettensen.de\/index.php\/2025\/12\/22\/jahreshauptversammlungen-2026\/\" rel=\"bookmark\">Jahreshauptversammlungen 2026<\/a><\/h2><div class=\"wp-show-posts-entry-meta wp-show-posts-entry-meta-below-title post-meta-inline\"><span class=\"wp-show-posts-posted-on wp-show-posts-meta\">\n\t\t\t\t\t<a href=\"https:\/\/feuerwehr-hettensen.de\/index.php\/2025\/12\/22\/jahreshauptversammlungen-2026\/\" title=\"13:27\" rel=\"bookmark\"><time class=\"wp-show-posts-entry-date published\" datetime=\"2025-12-22T13:27:14+01:00\" itemprop=\"datePublished\">22. Dezember 2025<\/time><time class=\"wp-show-posts-updated\" datetime=\"2025-12-22T13:28:50+01:00\" itemprop=\"dateModified\">22. Dezember 2025<\/time><\/a>\n\t\t\t\t<\/span><\/div>\t\t\t\t\t\t<\/header><!-- .entry-header -->\n\t\t\t\t\t\t\t\t\t\t\t<div class=\"wp-show-posts-entry-content\" itemprop=\"text\">\n\t\t\t\t\t\t\t\n<div data-wp-interactive=\"core\/file\" class=\"wp-block-file\"><object data-wp-bind--hidden=\"!state.hasPdfPreview\" hidden class=\"wp-block-file__embed\" data=\"https:\/\/feuerwehr-hettensen.de\/wp-content\/uploads\/2025\/12\/Einladung-JHV-2026.pdf\" type=\"application\/pdf\" style=\"width:100%;height:600px\" aria-label=\"Einbettung von Einladung JHV 2026.\"><\/object><a id=\"wp-block-file--media-112d536d-1ae9-47e6-be81-de54e0ba00cf\" href=\"https:\/\/feuerwehr-hettensen.de\/wp-content\/uploads\/2025\/12\/Einladung-JHV-2026.pdf\">Einladung JHV 2026<\/a><a href=\"https:\/\/feuerwehr-hettensen.de\/wp-content\/uploads\/2025\/12\/Einladung-JHV-2026.pdf\" class=\"wp-block-file__button wp-element-button\" download aria-describedby=\"wp-block-file--media-112d536d-1ae9-47e6-be81-de54e0ba00cf\">Herunterladen<\/a><\/div>\n\t\t\t\t\t\t<\/div><!-- .entry-content -->\n\t\t\t\t\t<\/div><!-- wp-show-posts-inner --><div class=\"wpsp-clear\"><\/div><\/article><article class=\" wp-show-posts-single wpsp-clearfix post-763 post type-post status-publish format-standard hentry category-veranstaltungen\" itemtype=\"http:\/\/schema.org\/CreativeWork\" itemscope><div class=\"wp-show-posts-inner\" style=\"\">\t\t\t\t\t\t<header class=\"wp-show-posts-entry-header\">\n\t\t\t\t\t\t\t<h2 class=\"wp-show-posts-entry-title\" itemprop=\"headline\"><a href=\"https:\/\/feuerwehr-hettensen.de\/index.php\/2025\/11\/09\/weihnachtsfeier-am-29-11-2025\/\" rel=\"bookmark\">Weihnachtsfeier 29.11.2025<\/a><\/h2><div class=\"wp-show-posts-entry-meta wp-show-posts-entry-meta-below-title post-meta-inline\"><span class=\"wp-show-posts-posted-on wp-show-posts-meta\">\n\t\t\t\t\t<a href=\"https:\/\/feuerwehr-hettensen.de\/index.php\/2025\/11\/09\/weihnachtsfeier-am-29-11-2025\/\" title=\"17:28\" rel=\"bookmark\"><time class=\"wp-show-posts-entry-date published\" datetime=\"2025-11-09T17:28:52+01:00\" itemprop=\"datePublished\">9. November 2025<\/time><time class=\"wp-show-posts-updated\" datetime=\"2025-11-09T17:29:21+01:00\" itemprop=\"dateModified\">9. November 2025<\/time><\/a>\n\t\t\t\t<\/span><\/div>\t\t\t\t\t\t<\/header><!-- .entry-header -->\n\t\t\t\t\t\t\t\t\t\t\t<div class=\"wp-show-posts-entry-content\" itemprop=\"text\">\n\t\t\t\t\t\t\t\n<div data-wp-interactive=\"core\/file\" class=\"wp-block-file\"><object data-wp-bind--hidden=\"!state.hasPdfPreview\" hidden class=\"wp-block-file__embed\" data=\"https:\/\/feuerwehr-hettensen.de\/wp-content\/uploads\/2025\/11\/Dok1.pdf\" type=\"application\/pdf\" style=\"width:100%;height:600px\" aria-label=\"Einbettung von Dok1.\"><\/object><a id=\"wp-block-file--media-a4e6ed91-fed2-4e76-a7c7-d8b7887c1e44\" href=\"https:\/\/feuerwehr-hettensen.de\/wp-content\/uploads\/2025\/11\/Dok1.pdf\">Dok1<\/a><a href=\"https:\/\/feuerwehr-hettensen.de\/wp-content\/uploads\/2025\/11\/Dok1.pdf\" class=\"wp-block-file__button wp-element-button\" download aria-describedby=\"wp-block-file--media-a4e6ed91-fed2-4e76-a7c7-d8b7887c1e44\">Herunterladen<\/a><\/div>\n\t\t\t\t\t\t<\/div><!-- .entry-content -->\n\t\t\t\t\t<\/div><!-- wp-show-posts-inner --><div class=\"wpsp-clear\"><\/div><\/article><article class=\" wp-show-posts-single wpsp-clearfix post-756 post type-post status-publish format-standard hentry category-uncategorized\" itemtype=\"http:\/\/schema.org\/CreativeWork\" itemscope><div class=\"wp-show-posts-inner\" style=\"\">\t\t\t\t\t\t<header class=\"wp-show-posts-entry-header\">\n\t\t\t\t\t\t\t<h2 class=\"wp-show-posts-entry-title\" itemprop=\"headline\"><a href=\"https:\/\/feuerwehr-hettensen.de\/index.php\/2025\/09\/29\/knobelabend-25-10-2025\/\" rel=\"bookmark\">Knobelabend 25.10.2025<\/a><\/h2><div class=\"wp-show-posts-entry-meta wp-show-posts-entry-meta-below-title post-meta-inline\"><span class=\"wp-show-posts-posted-on wp-show-posts-meta\">\n\t\t\t\t\t<a href=\"https:\/\/feuerwehr-hettensen.de\/index.php\/2025\/09\/29\/knobelabend-25-10-2025\/\" title=\"09:12\" rel=\"bookmark\"><time class=\"wp-show-posts-entry-date published\" datetime=\"2025-09-29T09:12:59+01:00\" itemprop=\"datePublished\">29. September 2025<\/time><\/a>\n\t\t\t\t<\/span><\/div>\t\t\t\t\t\t<\/header><!-- .entry-header -->\n\t\t\t\t\t\t\t\t\t\t\t<div class=\"wp-show-posts-entry-content\" itemprop=\"text\">\n\t\t\t\t\t\t\t\n<div data-wp-interactive=\"core\/file\" class=\"wp-block-file\"><object data-wp-bind--hidden=\"!state.hasPdfPreview\" hidden class=\"wp-block-file__embed\" data=\"https:\/\/feuerwehr-hettensen.de\/wp-content\/uploads\/2025\/09\/Einladung-zum-Knobelabend-2025-einzel.pdf\" type=\"application\/pdf\" style=\"width:100%;height:600px\" aria-label=\"Einbettung von Einladung zum Knobelabend 2025 einzel.\"><\/object><a id=\"wp-block-file--media-f49a6ada-ba4e-49a1-8359-73a0cb01c39b\" href=\"https:\/\/feuerwehr-hettensen.de\/wp-content\/uploads\/2025\/09\/Einladung-zum-Knobelabend-2025-einzel.pdf\">Einladung zum Knobelabend 2025 einzel<\/a><a href=\"https:\/\/feuerwehr-hettensen.de\/wp-content\/uploads\/2025\/09\/Einladung-zum-Knobelabend-2025-einzel.pdf\" class=\"wp-block-file__button wp-element-button\" download aria-describedby=\"wp-block-file--media-f49a6ada-ba4e-49a1-8359-73a0cb01c39b\">Herunterladen<\/a><\/div>\n\t\t\t\t\t\t<\/div><!-- .entry-content -->\n\t\t\t\t\t<\/div><!-- wp-show-posts-inner --><div class=\"wpsp-clear\"><\/div><\/article><article class=\" wp-show-posts-single wpsp-clearfix post-752 post type-post status-publish format-standard hentry category-uncategorized\" itemtype=\"http:\/\/schema.org\/CreativeWork\" itemscope><div class=\"wp-show-posts-inner\" style=\"\">\t\t\t\t\t\t<header class=\"wp-show-posts-entry-header\">\n\t\t\t\t\t\t\t<h2 class=\"wp-show-posts-entry-title\" itemprop=\"headline\"><a href=\"https:\/\/feuerwehr-hettensen.de\/index.php\/2025\/07\/24\/sommerfest-2025\/\" rel=\"bookmark\">Sommerfest 2025<\/a><\/h2><div class=\"wp-show-posts-entry-meta wp-show-posts-entry-meta-below-title post-meta-inline\"><span class=\"wp-show-posts-posted-on wp-show-posts-meta\">\n\t\t\t\t\t<a href=\"https:\/\/feuerwehr-hettensen.de\/index.php\/2025\/07\/24\/sommerfest-2025\/\" title=\"17:59\" rel=\"bookmark\"><time class=\"wp-show-posts-entry-date published\" datetime=\"2025-07-24T17:59:40+01:00\" itemprop=\"datePublished\">24. Juli 2025<\/time><\/a>\n\t\t\t\t<\/span><\/div>\t\t\t\t\t\t<\/header><!-- .entry-header -->\n\t\t\t\t\t\t\t\t\t\t\t<div class=\"wp-show-posts-entry-content\" itemprop=\"text\">\n\t\t\t\t\t\t\t\n<div data-wp-interactive=\"core\/file\" class=\"wp-block-file\"><object data-wp-bind--hidden=\"!state.hasPdfPreview\" hidden class=\"wp-block-file__embed\" data=\"https:\/\/feuerwehr-hettensen.de\/wp-content\/uploads\/2025\/07\/SOMMERFEST-Flyer-2025.pdf\" type=\"application\/pdf\" style=\"width:100%;height:600px\" aria-label=\"Einbettung von SOMMERFEST Flyer 2025.\"><\/object><a id=\"wp-block-file--media-c3d2e36a-5906-4d02-83e1-b922fef72a34\" href=\"https:\/\/feuerwehr-hettensen.de\/wp-content\/uploads\/2025\/07\/SOMMERFEST-Flyer-2025.pdf\">SOMMERFEST Flyer 2025<\/a><a href=\"https:\/\/feuerwehr-hettensen.de\/wp-content\/uploads\/2025\/07\/SOMMERFEST-Flyer-2025.pdf\" class=\"wp-block-file__button wp-element-button\" download aria-describedby=\"wp-block-file--media-c3d2e36a-5906-4d02-83e1-b922fef72a34\">Herunterladen<\/a><\/div>\n\t\t\t\t\t\t<\/div><!-- .entry-content -->\n\t\t\t\t\t<\/div><!-- wp-show-posts-inner --><div class=\"wpsp-clear\"><\/div><\/article><article class=\" wp-show-posts-single wpsp-clearfix post-645 post type-post status-publish format-standard hentry category-versammlungen\" itemtype=\"http:\/\/schema.org\/CreativeWork\" itemscope><div class=\"wp-show-posts-inner\" style=\"\">\t\t\t\t\t\t<header class=\"wp-show-posts-entry-header\">\n\t\t\t\t\t\t\t<h2 class=\"wp-show-posts-entry-title\" itemprop=\"headline\"><a href=\"https:\/\/feuerwehr-hettensen.de\/index.php\/2025\/04\/09\/einladung-zur-monatsversammlung-2\/\" rel=\"bookmark\">Einladung zur Monatsversammlung<\/a><\/h2><div class=\"wp-show-posts-entry-meta wp-show-posts-entry-meta-below-title post-meta-inline\"><span class=\"wp-show-posts-posted-on wp-show-posts-meta\">\n\t\t\t\t\t<a href=\"https:\/\/feuerwehr-hettensen.de\/index.php\/2025\/04\/09\/einladung-zur-monatsversammlung-2\/\" title=\"06:58\" rel=\"bookmark\"><time class=\"wp-show-posts-entry-date published\" datetime=\"2025-04-09T06:58:55+01:00\" itemprop=\"datePublished\">9. April 2025<\/time><time class=\"wp-show-posts-updated\" datetime=\"2025-04-09T12:56:41+01:00\" itemprop=\"dateModified\">9. April 2025<\/time><\/a>\n\t\t\t\t<\/span><\/div>\t\t\t\t\t\t<\/header><!-- .entry-header -->\n\t\t\t\t\t\t\t\t\t\t\t<div class=\"wp-show-posts-entry-content\" itemprop=\"text\">\n\t\t\t\t\t\t\t\n<div data-wp-interactive=\"core\/file\" class=\"wp-block-file\"><object data-wp-bind--hidden=\"!state.hasPdfPreview\" hidden class=\"wp-block-file__embed\" data=\"https:\/\/feuerwehr-hettensen.de\/wp-content\/uploads\/2025\/04\/Einladung-MV-2025.05.02-1.pdf\" type=\"application\/pdf\" style=\"width:100%;height:600px\" aria-label=\"Einbettung von Einladung MV 2025.05.02.\"><\/object><a id=\"wp-block-file--media-a416c6e8-4a87-41f9-9a96-dd45e1196afb\" href=\"https:\/\/feuerwehr-hettensen.de\/wp-content\/uploads\/2025\/04\/Einladung-MV-2025.05.02-1.pdf\">Einladung MV 2025.05.02<\/a><a href=\"https:\/\/feuerwehr-hettensen.de\/wp-content\/uploads\/2025\/04\/Einladung-MV-2025.05.02-1.pdf\" class=\"wp-block-file__button wp-element-button\" download aria-describedby=\"wp-block-file--media-a416c6e8-4a87-41f9-9a96-dd45e1196afb\">Herunterladen<\/a><\/div>\n\t\t\t\t\t\t<\/div><!-- .entry-content -->\n\t\t\t\t\t<\/div><!-- wp-show-posts-inner --><div class=\"wpsp-clear\"><\/div><\/article><article class=\" wp-show-posts-single wpsp-clearfix post-391 post type-post status-publish format-standard hentry category-veranstaltungen\" itemtype=\"http:\/\/schema.org\/CreativeWork\" itemscope><div class=\"wp-show-posts-inner\" style=\"\">\t\t\t\t\t\t<header class=\"wp-show-posts-entry-header\">\n\t\t\t\t\t\t\t<h2 class=\"wp-show-posts-entry-title\" itemprop=\"headline\"><a href=\"https:\/\/feuerwehr-hettensen.de\/index.php\/2023\/03\/19\/ehrungsveranstaltung-am-18-03-2023\/\" rel=\"bookmark\">Ehrungsveranstaltung am 18.03.2023<\/a><\/h2><div class=\"wp-show-posts-entry-meta wp-show-posts-entry-meta-below-title post-meta-inline\"><span class=\"wp-show-posts-posted-on wp-show-posts-meta\">\n\t\t\t\t\t<a href=\"https:\/\/feuerwehr-hettensen.de\/index.php\/2023\/03\/19\/ehrungsveranstaltung-am-18-03-2023\/\" title=\"13:00\" rel=\"bookmark\"><time class=\"wp-show-posts-entry-date published\" datetime=\"2023-03-19T13:00:00+01:00\" itemprop=\"datePublished\">19. M\u00e4rz 2023<\/time><time class=\"wp-show-posts-updated\" datetime=\"2025-04-09T13:14:54+01:00\" itemprop=\"dateModified\">9. April 2025<\/time><\/a>\n\t\t\t\t<\/span><\/div>\t\t\t\t\t\t<\/header><!-- .entry-header -->\n\t\t\t\t\t\t\t\t\t\t\t<div class=\"wp-show-posts-entry-content\" itemprop=\"text\">\n\t\t\t\t\t\t\t\n<p>Am 18.03.2023 fand eine Ehrungsveranstaltung statt, auf der einige unserer aktiven und f\u00f6rdernden Mitglieder f\u00fcr ihre langj\u00e4hrige Mitgliedschaften in der Freiwilligen Feuerwehr geehrt wurden. Zudem wurde sich beim ehemaligen Ortsbrandmeister Peter Klinge und bei Friedhelm Roy, der sich 33 Jahre lang im Ortskommando engagiert hat, mit Geschenkk\u00f6rben f\u00fcr ihre geleistete Arbeit bedankt.<\/p>\n\n\n\n<figure class=\"wp-block-image size-large\"><img loading=\"lazy\" decoding=\"async\" width=\"1024\" height=\"683\" src=\"https:\/\/feuerwehr-hettensen.de\/wp-content\/uploads\/2023\/03\/IMG_0603-1-1024x683.jpg\" alt=\"\" class=\"wp-image-393\" srcset=\"https:\/\/feuerwehr-hettensen.de\/wp-content\/uploads\/2023\/03\/IMG_0603-1-1024x683.jpg 1024w, https:\/\/feuerwehr-hettensen.de\/wp-content\/uploads\/2023\/03\/IMG_0603-1-300x200.jpg 300w, https:\/\/feuerwehr-hettensen.de\/wp-content\/uploads\/2023\/03\/IMG_0603-1-768x512.jpg 768w, https:\/\/feuerwehr-hettensen.de\/wp-content\/uploads\/2023\/03\/IMG_0603-1-1536x1024.jpg 1536w, https:\/\/feuerwehr-hettensen.de\/wp-content\/uploads\/2023\/03\/IMG_0603-1-2048x1365.jpg 2048w\" sizes=\"auto, (max-width: 1024px) 100vw, 1024px\" \/><\/figure>\n\n\n\n<figure class=\"wp-block-gallery has-nested-images columns-default is-cropped wp-block-gallery-1 is-layout-flex wp-block-gallery-is-layout-flex\">\n<figure class=\"wp-block-image size-large\"><img loading=\"lazy\" decoding=\"async\" width=\"683\" height=\"1024\" data-id=\"398\" src=\"https:\/\/feuerwehr-hettensen.de\/wp-content\/uploads\/2023\/03\/IMG_0595-1-683x1024.jpg\" alt=\"\" class=\"wp-image-398\" srcset=\"https:\/\/feuerwehr-hettensen.de\/wp-content\/uploads\/2023\/03\/IMG_0595-1-683x1024.jpg 683w, https:\/\/feuerwehr-hettensen.de\/wp-content\/uploads\/2023\/03\/IMG_0595-1-200x300.jpg 200w, https:\/\/feuerwehr-hettensen.de\/wp-content\/uploads\/2023\/03\/IMG_0595-1-768x1152.jpg 768w, https:\/\/feuerwehr-hettensen.de\/wp-content\/uploads\/2023\/03\/IMG_0595-1-1024x1536.jpg 1024w, https:\/\/feuerwehr-hettensen.de\/wp-content\/uploads\/2023\/03\/IMG_0595-1-1365x2048.jpg 1365w, https:\/\/feuerwehr-hettensen.de\/wp-content\/uploads\/2023\/03\/IMG_0595-1-scaled.jpg 1707w\" sizes=\"auto, (max-width: 683px) 100vw, 683px\" \/><\/figure>\n\n\n\n<figure class=\"wp-block-image size-large\"><img loading=\"lazy\" decoding=\"async\" width=\"1024\" height=\"683\" data-id=\"399\" src=\"https:\/\/feuerwehr-hettensen.de\/wp-content\/uploads\/2023\/03\/IMG_0571-1-1024x683.jpg\" alt=\"\" class=\"wp-image-399\" srcset=\"https:\/\/feuerwehr-hettensen.de\/wp-content\/uploads\/2023\/03\/IMG_0571-1-1024x683.jpg 1024w, https:\/\/feuerwehr-hettensen.de\/wp-content\/uploads\/2023\/03\/IMG_0571-1-300x200.jpg 300w, https:\/\/feuerwehr-hettensen.de\/wp-content\/uploads\/2023\/03\/IMG_0571-1-768x512.jpg 768w, https:\/\/feuerwehr-hettensen.de\/wp-content\/uploads\/2023\/03\/IMG_0571-1-1536x1024.jpg 1536w, https:\/\/feuerwehr-hettensen.de\/wp-content\/uploads\/2023\/03\/IMG_0571-1-2048x1365.jpg 2048w\" sizes=\"auto, (max-width: 1024px) 100vw, 1024px\" \/><\/figure>\n<\/figure>\n\n\n\n<figure class=\"wp-block-image size-large\"><img loading=\"lazy\" decoding=\"async\" width=\"1024\" height=\"683\" src=\"https:\/\/feuerwehr-hettensen.de\/wp-content\/uploads\/2023\/03\/IMG_0529-1-1024x683.jpg\" alt=\"\" class=\"wp-image-401\" srcset=\"https:\/\/feuerwehr-hettensen.de\/wp-content\/uploads\/2023\/03\/IMG_0529-1-1024x683.jpg 1024w, https:\/\/feuerwehr-hettensen.de\/wp-content\/uploads\/2023\/03\/IMG_0529-1-300x200.jpg 300w, https:\/\/feuerwehr-hettensen.de\/wp-content\/uploads\/2023\/03\/IMG_0529-1-768x512.jpg 768w, https:\/\/feuerwehr-hettensen.de\/wp-content\/uploads\/2023\/03\/IMG_0529-1-1536x1024.jpg 1536w, https:\/\/feuerwehr-hettensen.de\/wp-content\/uploads\/2023\/03\/IMG_0529-1-2048x1365.jpg 2048w\" sizes=\"auto, (max-width: 1024px) 100vw, 1024px\" \/><\/figure>\n\t\t\t\t\t\t<\/div><!-- .entry-content -->\n\t\t\t\t\t<\/div><!-- wp-show-posts-inner --><div class=\"wpsp-clear\"><\/div><\/article><article class=\" wp-show-posts-single wpsp-clearfix post-377 post type-post status-publish format-standard hentry category-uncategorized\" itemtype=\"http:\/\/schema.org\/CreativeWork\" itemscope><div class=\"wp-show-posts-inner\" style=\"\">\t\t\t\t\t\t<header class=\"wp-show-posts-entry-header\">\n\t\t\t\t\t\t\t<h2 class=\"wp-show-posts-entry-title\" itemprop=\"headline\"><a href=\"https:\/\/feuerwehr-hettensen.de\/index.php\/2023\/03\/07\/soziales-projekt-fuer-die-jugendflamme-3\/\" rel=\"bookmark\">Soziales Projekt f\u00fcr die Jugendflamme 3<\/a><\/h2><div class=\"wp-show-posts-entry-meta wp-show-posts-entry-meta-below-title post-meta-inline\"><span class=\"wp-show-posts-posted-on wp-show-posts-meta\">\n\t\t\t\t\t<a href=\"https:\/\/feuerwehr-hettensen.de\/index.php\/2023\/03\/07\/soziales-projekt-fuer-die-jugendflamme-3\/\" title=\"12:28\" rel=\"bookmark\"><time class=\"wp-show-posts-entry-date published\" datetime=\"2023-03-07T12:28:39+01:00\" itemprop=\"datePublished\">7. M\u00e4rz 2023<\/time><\/a>\n\t\t\t\t<\/span><\/div>\t\t\t\t\t\t<\/header><!-- .entry-header -->\n\t\t\t\t\t\t\t\t\t\t\t<div class=\"wp-show-posts-entry-content\" itemprop=\"text\">\n\t\t\t\t\t\t\t\n<div class=\"wp-block-columns alignwide are-vertically-aligned-top is-layout-flex wp-container-core-columns-is-layout-9d6595d7 wp-block-columns-is-layout-flex\">\n<div class=\"wp-block-column is-layout-flow wp-block-column-is-layout-flow\" style=\"flex-basis:42%\">\n<figure class=\"wp-block-image\"><img loading=\"lazy\" decoding=\"async\" width=\"1024\" height=\"768\" src=\"https:\/\/feuerwehr-hettensen.de\/wp-content\/uploads\/2023\/03\/JF3.jpg\" alt=\"\" class=\"wp-image-378\" srcset=\"https:\/\/feuerwehr-hettensen.de\/wp-content\/uploads\/2023\/03\/JF3.jpg 1024w, https:\/\/feuerwehr-hettensen.de\/wp-content\/uploads\/2023\/03\/JF3-300x225.jpg 300w, https:\/\/feuerwehr-hettensen.de\/wp-content\/uploads\/2023\/03\/JF3-768x576.jpg 768w\" sizes=\"auto, (max-width: 1024px) 100vw, 1024px\" \/><\/figure>\n\n\n\n<figure class=\"wp-block-image size-full\"><img loading=\"lazy\" decoding=\"async\" width=\"1024\" height=\"768\" src=\"https:\/\/feuerwehr-hettensen.de\/wp-content\/uploads\/2023\/03\/PHOTO-2023-03-05-21-07-35.jpg\" alt=\"\" class=\"wp-image-379\" srcset=\"https:\/\/feuerwehr-hettensen.de\/wp-content\/uploads\/2023\/03\/PHOTO-2023-03-05-21-07-35.jpg 1024w, https:\/\/feuerwehr-hettensen.de\/wp-content\/uploads\/2023\/03\/PHOTO-2023-03-05-21-07-35-300x225.jpg 300w, https:\/\/feuerwehr-hettensen.de\/wp-content\/uploads\/2023\/03\/PHOTO-2023-03-05-21-07-35-768x576.jpg 768w\" sizes=\"auto, (max-width: 1024px) 100vw, 1024px\" \/><\/figure>\n\n\n\n<figure class=\"wp-block-image size-full\"><img loading=\"lazy\" decoding=\"async\" width=\"1024\" height=\"768\" src=\"https:\/\/feuerwehr-hettensen.de\/wp-content\/uploads\/2023\/03\/PHOTO-2023-03-05-21-07-354.jpg\" alt=\"\" class=\"wp-image-380\" srcset=\"https:\/\/feuerwehr-hettensen.de\/wp-content\/uploads\/2023\/03\/PHOTO-2023-03-05-21-07-354.jpg 1024w, https:\/\/feuerwehr-hettensen.de\/wp-content\/uploads\/2023\/03\/PHOTO-2023-03-05-21-07-354-300x225.jpg 300w, https:\/\/feuerwehr-hettensen.de\/wp-content\/uploads\/2023\/03\/PHOTO-2023-03-05-21-07-354-768x576.jpg 768w\" sizes=\"auto, (max-width: 1024px) 100vw, 1024px\" \/><\/figure>\n<\/div>\n\n\n\n<div class=\"wp-block-column is-layout-flow wp-block-column-is-layout-flow\" style=\"flex-basis:58%\">\n<p>Im Rahmen der Jugendflamme Stufe 3 muss von den Jugendlichen ein besonderes Projekt absolviert werden.<\/p>\n\n\n\n<p>So entschieden sich unsere Jugendfeuerwehrmitglieder Enrico Barthel und Jolin-Marie Barthel f\u00fcr ein \u00f6kologisches Projekt und nahmen am Putztag im Herbst 2022 teil, an dem viele Vereine aus Hettensen mitmachten.<\/p>\n\n\n\n<p>Es wurden an verschiedenen Stellen im Ort \u00f6ffentliche Gr\u00fcnfl\u00e4chen und Pl\u00e4tze von Laub, M\u00fcll und Unrat befreit.<\/p>\n\n\n\n<p>Ebenfalls wurde das Laub beim Vorplatz des Feuerwehrger\u00e4tehauses in Hettensen beseitigt. Au\u00dferdem wurde ein Baum vom Wildwuchs befreit, das angefallene Gestr\u00fcpp auf ein Trecker Gespann geladen und dem Bauhof in Hardegsen zugef\u00fchrt. <\/p>\n\n\n\n<p><\/p>\n\n\n\n<p>An solchen Tagen wird der Zusammenhalt des Dorfes gest\u00e4rkt, da hier vereins\u00fcbergreifend zusammen gearbeitet wird.<\/p>\n<\/div>\n<\/div>\n\t\t\t\t\t\t<\/div><!-- .entry-content -->\n\t\t\t\t\t<\/div><!-- wp-show-posts-inner --><div class=\"wpsp-clear\"><\/div><\/article><article class=\" wp-show-posts-single wpsp-clearfix post-237 post type-post status-publish format-standard hentry category-uncategorized\" itemtype=\"http:\/\/schema.org\/CreativeWork\" itemscope><div class=\"wp-show-posts-inner\" style=\"\">\t\t\t\t\t\t<header class=\"wp-show-posts-entry-header\">\n\t\t\t\t\t\t\t<h2 class=\"wp-show-posts-entry-title\" itemprop=\"headline\"><a href=\"https:\/\/feuerwehr-hettensen.de\/index.php\/2022\/10\/29\/benachrichtigungsapp-divera-24-7\/\" rel=\"bookmark\">Benachrichtigungsapp DIVERA 24\/7<\/a><\/h2><div class=\"wp-show-posts-entry-meta wp-show-posts-entry-meta-below-title post-meta-inline\"><span class=\"wp-show-posts-posted-on wp-show-posts-meta\">\n\t\t\t\t\t<a href=\"https:\/\/feuerwehr-hettensen.de\/index.php\/2022\/10\/29\/benachrichtigungsapp-divera-24-7\/\" title=\"20:30\" rel=\"bookmark\"><time class=\"wp-show-posts-entry-date published\" datetime=\"2022-10-29T20:30:00+01:00\" itemprop=\"datePublished\">29. Oktober 2022<\/time><time class=\"wp-show-posts-updated\" datetime=\"2023-02-03T19:22:46+01:00\" itemprop=\"dateModified\">3. Februar 2023<\/time><\/a>\n\t\t\t\t<\/span><\/div>\t\t\t\t\t\t<\/header><!-- .entry-header -->\n\t\t\t\t\t\t\t\t\t\t\t<div class=\"wp-show-posts-entry-content\" itemprop=\"text\">\n\t\t\t\t\t\t\t\n<p>Seit M\u00e4rz 2021 nutzt der Landkreis Northeim erg\u00e4nzend zur Alarmierung \u00fcber Sirene und Funkmeldeempf\u00e4nger die Benachrichtigungsapp DIVERA 24\/7. Jegliche Alarmierungen f\u00fchren zu einer Benachrichtigung auf dem Handy.<\/p>\n\t\t\t\t\t\t<\/div><!-- .entry-content -->\n\t\t\t\t\t<\/div><!-- wp-show-posts-inner --><div class=\"wpsp-clear\"><\/div><\/article><\/section><!-- .wp-show-posts -->\n","protected":false},"excerpt":{"rendered":"","protected":false},"author":1,"featured_media":0,"parent":0,"menu_order":0,"comment_status":"closed","ping_status":"closed","template":"","meta":{"footnotes":""},"class_list":["post-9","page","type-page","status-publish","hentry"],"_links":{"self":[{"href":"https:\/\/feuerwehr-hettensen.de\/index.php\/wp-json\/wp\/v2\/pages\/9","targetHints":{"allow":["GET"]}}],"collection":[{"href":"https:\/\/feuerwehr-hettensen.de\/index.php\/wp-json\/wp\/v2\/pages"}],"about":[{"href":"https:\/\/feuerwehr-hettensen.de\/index.php\/wp-json\/wp\/v2\/types\/page"}],"author":[{"embeddable":true,"href":"https:\/\/feuerwehr-hettensen.de\/index.php\/wp-json\/wp\/v2\/users\/1"}],"replies":[{"embeddable":true,"href":"https:\/\/feuerwehr-hettensen.de\/index.php\/wp-json\/wp\/v2\/comments?post=9"}],"version-history":[{"count":6,"href":"https:\/\/feuerwehr-hettensen.de\/index.php\/wp-json\/wp\/v2\/pages\/9\/revisions"}],"predecessor-version":[{"id":139,"href":"https:\/\/feuerwehr-hettensen.de\/index.php\/wp-json\/wp\/v2\/pages\/9\/revisions\/139"}],"wp:attachment":[{"href":"https:\/\/feuerwehr-hettensen.de\/index.php\/wp-json\/wp\/v2\/media?parent=9"}],"curies":[{"name":"wp","href":"https:\/\/api.w.org\/{rel}","templated":true}]}}